{"id":103,"date":"2020-11-28T00:16:17","date_gmt":"2020-11-28T00:16:17","guid":{"rendered":"https:\/\/leyhoern.de\/?page_id=103"},"modified":"2020-11-28T00:25:19","modified_gmt":"2020-11-28T00:25:19","slug":"beschreibung-der-drohnenlinien-2020","status":"publish","type":"page","link":"https:\/\/leyhoern.de\/?page_id=103","title":{"rendered":"Beschreibung der Drohnenlinien 2020"},"content":{"rendered":"<p class=\"widget-title\">Bevor wir auf Planungen, Termine und die Drohnenlinie f\u00fcr dieses Jahr eingehen, danken wir allen Beschickern, die uns im letzten Jahr ihr Vertrauen geschenkt haben und nach Leyh\u00f6rn gekommen sind. Alles \u201eDrohnenm\u00f6gliche\u201c haben wir in die Tat umgesetzt, damit alle Beteiligten zufrieden sind.<\/p>\n<p class=\"EinfAbs\"><span class=\"AvenirBook\">Als Drohnenlinie f\u00fcr 2020 haben wir eine Geschwistergruppe von T\u00f6chtern der B7(ABK)1dr zusammengestellt. Axel und Diana Braband erhielten diese Abstammung B525(LS) im Rahmen des bayerischen VSB-Projekts von Stefan Luff. Besamt wurde mit einem Drohn der Linie EL44(KK)1dr von Josef Koller. <\/span><\/p>\n<p><span class=\"AvenirBook\">B7 ist als eindrohnbesamte K\u00f6nigin seit 2018 unbehandelt geblieben. Ein sehr einheitliches buckfasttypisches Erscheinungsbild und eine gute Vererbung der VSH-Eigenschaften zeichnen diese Biene aus. Alle T\u00f6chterk\u00f6niginnen sind mit VSH-Genetik angepaart oder besamt. Dieter Buchinger und Renate Seehase, <\/span><span class=\"AvenirBook\">Axel und Diana Braband, Fritz Zieher, Stefan Luff und ich selbst haben aus ca. 60 V\u00f6lkern die K\u00f6niginnen auf VSH-Eigenschaften gepr\u00fcft.<\/span><\/p>\n<p class=\"EinfAbs\"><span class=\"AvenirBook\">Auch auf eine Behandlung gegen die Varroamilbe wurde weitestgehend verzichtet. Wir erhoffen uns dadurch eine bessere Vererbung der Eigenschaften zum \u00dcberleben ohne Behandlung.<\/span><\/p>\n<p class=\"EinfAbs\"><span class=\"AvenirBook\">Schaut man genau hin und verfolgt den Stammbaum, erkennt man, dass <\/span><\/p>\n<p class=\"EinfAbs\"><span class=\"AvenirBook\">Stefan Luff viel Selektionsarbeit in diese Biene investiert hat. Imker, die mit dieser Abstammung arbeiten, bescheinigen ihr hohe Ertr\u00e4ge, Sanftmut, einen sehr guten Wabensitz und eine Vitalit\u00e4t, die ihresgleichen sucht. Schwarmneigung ist nicht ausgepr\u00e4gt. Alles was der Buckfastimker sucht, ist in dieser Biene vorhanden. Ein gro\u00dfes Kompliment an Stefan und die bayrische VSH-Gruppe. <\/span><\/p>\n<p class=\"EinfAbs\"><span class=\"AvenirBook\">Nachdem wir die K\u00f6niginnen in die V\u00f6lker eingeweiselt haben, erfolgte eine sehr gute Entwicklung und die V\u00f6lker gingen kr\u00e4ftig in den Winter. Alle V\u00f6lker waren Anfang Januar in einem guten Zustand. Unser Ziel, mindestens 24 Drohnenv\u00f6lker aufzustellen, ist gesichert.<\/span><\/p>\n<p class=\"EinfAbs\"><span class=\"AvenirBook\">Ganz wichtig ist uns noch mal auf eine gro\u00dfz\u00fcgige Futterversorgung der Einheiten hinzuweisen. Pollen ist auf der Belegstelle reichlich vorhanden, Nektar allerdings eher weniger. Leyh\u00f6rn ist ein Platz, an dem eine steife Brise weht. Das bedeutet, die Deckel der Einheiten mit Spanngurten oder gutem Panzertape zu befestigen ist Pflicht. Ansonsten finden sich die Deckel auf der Nordsee treibend wieder!<\/span><\/p>\n<p>Den Schleusenw\u00e4rtern gilt unser Dank f\u00fcr ihr wachsames Auge auf unsere Bienen und die Begattungseinheiten. Letztes Jahr haben sie regelm\u00e4\u00dfig die Tr\u00e4nken aufgef\u00fcllt, damit die Bienen reichlich S\u00fc\u00dfwasser zur Verf\u00fcgung haben.<\/p>\n<p>F\u00fcr die Belegstelle Leyh\u00f6rn haben wir jedenfalls gutes Wetter bestellt und w\u00fcschen viel Erfolg bei der Aufzucht der K\u00f6niginnen sowie der Erstellung der Begattungseinheiten. Wir freuen uns auf Euch! Alle Termine und die Anzahl der zur Verf\u00fcgung stehenden Pl\u00e4tze nach dem 22.08. machen wir vom Zustand der Drohnenv\u00f6lker und dem Jahresverlauf abh\u00e4ngig. Wir bitten hierzu mit Peter Spieker und Stefan Luff R\u00fccksprache zu halten. Das betrifft haupts\u00e4chlich die Zuchtgruppen in der VSH-Zucht, f\u00fcr die sp\u00e4te Begattung. Was bienenm\u00f6glich ist werden wir machen.<\/p>\n<p><em>Peter Spieker<\/em><br \/>\nBelegstellenteam<\/p>\n<figure id=\"attachment_104\" aria-describedby=\"caption-attachment-104\" style=\"width: 1280px\" class=\"wp-caption alignnone\"><img data-recalc-dims=\"1\" loading=\"lazy\" decoding=\"async\" class=\"wp-image-104 size-full\" src=\"https:\/\/i0.wp.com\/leyhoern.de\/wp-content\/uploads\/2020\/11\/B7ABK.jpeg?resize=710%2C533&#038;ssl=1\" alt=\"\" width=\"710\" height=\"533\" srcset=\"https:\/\/i0.wp.com\/leyhoern.de\/wp-content\/uploads\/2020\/11\/B7ABK.jpeg?w=1280&amp;ssl=1 1280w, https:\/\/i0.wp.com\/leyhoern.de\/wp-content\/uploads\/2020\/11\/B7ABK.jpeg?resize=300%2C225&amp;ssl=1 300w, https:\/\/i0.wp.com\/leyhoern.de\/wp-content\/uploads\/2020\/11\/B7ABK.jpeg?resize=1024%2C768&amp;ssl=1 1024w, https:\/\/i0.wp.com\/leyhoern.de\/wp-content\/uploads\/2020\/11\/B7ABK.jpeg?resize=768%2C576&amp;ssl=1 768w\" sizes=\"auto, (max-width: 710px) 100vw, 710px\" \/><figcaption id=\"caption-attachment-104\" class=\"wp-caption-text\">original B7(ABK)1dr 100% VSH<\/figcaption><\/figure>\n<div id=\"panel-3780-0-0-1\" class=\"so-panel widget widget_sow-editor\" data-index=\"1\">\n<div class=\"so-widget-sow-editor so-widget-sow-editor-base\">\n<h3 class=\"widget-title\">Drohnenlinie 2020 (24 Drohnenv\u00f6lker)<\/h3>\n<div class=\"siteorigin-widget-tinymce textwidget\">\n<p><strong>B7(ABK)1dr 100% VSH<\/strong> =<\/p>\n<p>.18-B525(LS) ins EL44(KK)1dr:<br \/>\n.16-B554(LS) wbg B91(BB):<br \/>\n.14-B514(LS) bal B54(TR):<br \/>\n.14-B513(LS) ins B100(JG):<br \/>\n.12-B509(LS) bal B72(TR):<br \/>\n.09-B10(LS) lthl B20(TR):<br \/>\n.08-B507(HSB) hbg B292(HSB):<br \/>\n.06-A507(PN) lthl B6(CS):<br \/>\n.03-A501(PN) hbpn B483(PN):<br \/>\n.00-A31(PN) hbpn A39(PN):<br \/>\n.99-A3(PN) hbpn MA421(PN):<br \/>\n.97-Bayburt98-3R x BayburtM<\/p>\n<p>pure anatolica<\/p>\n<\/div>\n<\/div>\n<\/div>\n","protected":false},"excerpt":{"rendered":"<p>Bevor wir auf Planungen, Termine und die Drohnenlinie f\u00fcr dieses Jahr eingehen, danken wir allen Beschickern, die uns im letzten Jahr ihr Vertrauen geschenkt haben und nach Leyh\u00f6rn gekommen sind. Alles \u201eDrohnenm\u00f6gliche\u201c haben wir in die Tat umgesetzt, damit alle<\/p>\n","protected":false},"author":1,"featured_media":0,"parent":0,"menu_order":0,"comment_status":"closed","ping_status":"closed","template":"","meta":{"ngg_post_thumbnail":0,"jetpack_post_was_ever_published":false,"footnotes":""},"class_list":["post-103","page","type-page","status-publish","hentry"],"jetpack_sharing_enabled":true,"_links":{"self":[{"href":"https:\/\/leyhoern.de\/index.php?rest_route=\/wp\/v2\/pages\/103","targetHints":{"allow":["GET"]}}],"collection":[{"href":"https:\/\/leyhoern.de\/index.php?rest_route=\/wp\/v2\/pages"}],"about":[{"href":"https:\/\/leyhoern.de\/index.php?rest_route=\/wp\/v2\/types\/page"}],"author":[{"embeddable":true,"href":"https:\/\/leyhoern.de\/index.php?rest_route=\/wp\/v2\/users\/1"}],"replies":[{"embeddable":true,"href":"https:\/\/leyhoern.de\/index.php?rest_route=%2Fwp%2Fv2%2Fcomments&post=103"}],"version-history":[{"count":2,"href":"https:\/\/leyhoern.de\/index.php?rest_route=\/wp\/v2\/pages\/103\/revisions"}],"predecessor-version":[{"id":110,"href":"https:\/\/leyhoern.de\/index.php?rest_route=\/wp\/v2\/pages\/103\/revisions\/110"}],"wp:attachment":[{"href":"https:\/\/leyhoern.de\/index.php?rest_route=%2Fwp%2Fv2%2Fmedia&parent=103"}],"curies":[{"name":"wp","href":"https:\/\/api.w.org\/{rel}","templated":true}]}}