{"id":120,"date":"2020-11-28T00:44:45","date_gmt":"2020-11-28T00:44:45","guid":{"rendered":"https:\/\/leyhoern.de\/?page_id=120"},"modified":"2020-12-03T08:04:40","modified_gmt":"2020-12-03T08:04:40","slug":"beschreibung-der-drohnenlinien-2021","status":"publish","type":"page","link":"https:\/\/leyhoern.de\/?page_id=120","title":{"rendered":"Beschreibung der Drohnenlinien 2021"},"content":{"rendered":"<p><img data-recalc-dims=\"1\" loading=\"lazy\" decoding=\"async\" class=\"alignnone wp-image-31 size-full\" src=\"https:\/\/i0.wp.com\/leyhoern.de\/wp-content\/uploads\/2020\/11\/leyhoern_buckfast_belegstelle_a.jpg?resize=710%2C947&#038;ssl=1\" alt=\"\" width=\"710\" height=\"947\" srcset=\"https:\/\/i0.wp.com\/leyhoern.de\/wp-content\/uploads\/2020\/11\/leyhoern_buckfast_belegstelle_a.jpg?w=900&amp;ssl=1 900w, https:\/\/i0.wp.com\/leyhoern.de\/wp-content\/uploads\/2020\/11\/leyhoern_buckfast_belegstelle_a.jpg?resize=225%2C300&amp;ssl=1 225w, https:\/\/i0.wp.com\/leyhoern.de\/wp-content\/uploads\/2020\/11\/leyhoern_buckfast_belegstelle_a.jpg?resize=768%2C1024&amp;ssl=1 768w\" sizes=\"auto, (max-width: 710px) 100vw, 710px\" \/><\/p>\n<p><strong>Ahnen, Mutterlinie B11(TR): (B11 wohnt jetzt bei Peter Spieker)<\/strong><\/p>\n<p>B11(TR) = 19-B129(TR)balB84(TR) :<\/p>\n<p>18-B158(TR)balM112(TR) : 16-B161(TR)mrkB59(MKN):<br \/>\n15-GR36(TR)balB69(TR): 14-GR118(TR)balB54(TR):<br \/>\n12-GR23(TR)balB72(TR) :09-GR22(TR)balB78(TR):<br \/>\n08-GR51(TR)mrkB10(TR): 07-GR1(PN)balB175(TR) : etc pure<\/p>\n<p>Zuchtmutter B11 ist die 9. gezielte Anpaarung, Selektionsgeneration von mir&nbsp;die von einer Expedititionsk\u00f6nigin abstammt. Die begnadeten Superexpedition\u00e4re sind Horst Preissl und Johannes Neuburger. Sie stellten mir diese K\u00f6nigin im Herbst 2006 zur Verf\u00fcgung. Die ersten 3 Generationen waren etwas Abenteuerliche Kreuzungs und Kombinationszuchten aber es zeigte sich schnell enormes Potential, von dem man profitieren kann. Bei GR23 war die Aggessivit\u00e4t und Schwarmneigung bereits weitgehend beseitigt, das ist sehr schnell. Alle Herk\u00fcnfte, wo kein Mensch die Finger im Spiel hat ,wie hier auch,&nbsp;haben dieses Anfangshindernis, das Ergebnis der Natur mit Ziel Arterhalt.&nbsp;Bienen mit enormer Findigkeit und einem gewissen Verm\u00f6gen in Punkto Varroaabwehr. Die derzeit relativ helle Auspr\u00e4gung der Abeitsbienen und der Volksumfang zeigern deutlich einen recht starken Einflu\u00df der Letzten Baltrumschwesterngruppe B(84)TR die in einer Kagaroo Ligurian wurzelt.&nbsp;Die V\u00f6lker dieser Schwesterngruppe T\u00f6chter von 129 zeigen sich enorm erbstabil.<\/p>\n<p>Thomas R\u00fcppel im Dezember 2020<\/p>\n","protected":false},"excerpt":{"rendered":"<p>Ahnen, Mutterlinie B11(TR): (B11 wohnt jetzt bei Peter Spieker) B11(TR) = 19-B129(TR)balB84(TR) : 18-B158(TR)balM112(TR) : 16-B161(TR)mrkB59(MKN): 15-GR36(TR)balB69(TR): 14-GR118(TR)balB54(TR): 12-GR23(TR)balB72(TR) :09-GR22(TR)balB78(TR): 08-GR51(TR)mrkB10(TR): 07-GR1(PN)balB175(TR) : etc pure Zuchtmutter B11 ist die 9. gezielte Anpaarung, Selektionsgeneration von mir&nbsp;die von einer Expedititionsk\u00f6nigin abstammt. Die<\/p>\n","protected":false},"author":1,"featured_media":0,"parent":0,"menu_order":0,"comment_status":"closed","ping_status":"closed","template":"","meta":{"ngg_post_thumbnail":0,"jetpack_post_was_ever_published":false,"footnotes":""},"class_list":["post-120","page","type-page","status-publish","hentry"],"jetpack_sharing_enabled":true,"_links":{"self":[{"href":"https:\/\/leyhoern.de\/index.php?rest_route=\/wp\/v2\/pages\/120","targetHints":{"allow":["GET"]}}],"collection":[{"href":"https:\/\/leyhoern.de\/index.php?rest_route=\/wp\/v2\/pages"}],"about":[{"href":"https:\/\/leyhoern.de\/index.php?rest_route=\/wp\/v2\/types\/page"}],"author":[{"embeddable":true,"href":"https:\/\/leyhoern.de\/index.php?rest_route=\/wp\/v2\/users\/1"}],"replies":[{"embeddable":true,"href":"https:\/\/leyhoern.de\/index.php?rest_route=%2Fwp%2Fv2%2Fcomments&post=120"}],"version-history":[{"count":5,"href":"https:\/\/leyhoern.de\/index.php?rest_route=\/wp\/v2\/pages\/120\/revisions"}],"predecessor-version":[{"id":232,"href":"https:\/\/leyhoern.de\/index.php?rest_route=\/wp\/v2\/pages\/120\/revisions\/232"}],"wp:attachment":[{"href":"https:\/\/leyhoern.de\/index.php?rest_route=%2Fwp%2Fv2%2Fmedia&parent=120"}],"curies":[{"name":"wp","href":"https:\/\/api.w.org\/{rel}","templated":true}]}}