{"id":374,"date":"2022-12-07T17:31:23","date_gmt":"2022-12-07T17:31:23","guid":{"rendered":"https:\/\/leyhoern.de\/?page_id=374"},"modified":"2022-12-07T17:34:03","modified_gmt":"2022-12-07T17:34:03","slug":"beschreibung-der-drohnenlinien-2023","status":"publish","type":"page","link":"https:\/\/leyhoern.de\/?page_id=374","title":{"rendered":"Beschreibung der Drohnenlinien 2023"},"content":{"rendered":"<h2>Auf der Buckfast Belegstelle Leyh\u00f6rn kommen 2023 T\u00f6chter der B9(TR) zur Aufstellung.<\/h2>\n<p>Als ich die K\u00f6nigin samt Ableger im Fr\u00fchsommer bei Thomas abgeholt habe sagte er sinngem\u00e4\u00df: \u201eSchau mal auf die Ahnentafel, 57 Jahre Zuchtarbeit und immer noch vital und leistungsf\u00e4hig. Diese Linie hat einen der l\u00e4ngsten Stammb\u00e4ume den es gibt.\u201c<\/p>\n<p>Bis in die sp\u00e4ten 80er Jahre wurde diese Abstammung von Bruder Adam selbst verwendet und entwickelt, bevor sie zu Thomas R\u00fcppel kam. Einige Generationen hat Horst Preissl mit ihr gearbeitet. Seit 2004 ist sie wieder bei Thomas in der Selektion.<\/p>\n<p>Bei uns in der Imkerei angekommen, wurde der Ablegerkasten schnell zu klein. Die T\u00f6chter der B9 haben allesamt sch\u00f6ne Brutnester angelegt und sch\u00f6ne pr\u00e4chtige V\u00f6lker aufgebaut. Etliche haben wir auf Leyh\u00f6rn mit der B601(TR) und auf Baltrum mit der B2(TR) angepaart. Beide Anpaarungen sehen vielversprechend aus. Diese erfolgreiche Linie weiterzuf\u00fchren ist eine spannende Aufgabe. Alle Belegstellen- Linien der letzten Jahre f\u00fchren wir weiter, damit sie weiterhin fortlaufend f\u00fcr die Buckfast- Zucht zur Verf\u00fcgung stehen. Bei vielen Begegnungen monierte Thomas den Verschlei\u00df an Buckfast- Linien, die einfach verschwinden. Mit der Belegstelle Leyh\u00f6rn und unserer Imkerei wollen wir einen Beitrag leisten, um die Zuchtarbeit zu f\u00f6rdern und die verwendeten Buckfast- Linien zu bewahren.<\/p>\n<p>30. Auslesegeneration ( 57 Jahre )<\/p>\n<p><span style=\"color: #000000;\"><span lang=\"en-GB\">B<\/span><\/span><span style=\"color: #000000;\"><span lang=\"en-GB\">9<\/span><\/span><span style=\"color: #000000;\"><span lang=\"en-GB\">(TR)= <\/span><\/span><span style=\"color: #000000;\"><span lang=\"en-GB\">20-B1(TR)<\/span><\/span><span style=\"color: #ff0000;\"><span lang=\"en-GB\">mrk<\/span><\/span><span style=\"color: #000000;\"><span lang=\"en-GB\">M102(MKN):<\/span><\/span> <span style=\"color: #000000;\"><span lang=\"en-GB\">19-B103(TR)<\/span><\/span><span style=\"color: #ff3333;\"><span lang=\"en-GB\">bal<\/span><\/span><span style=\"color: #000000;\"><span lang=\"en-GB\">B84(TR): <\/span><\/span><span style=\"color: #000000;\"><span lang=\"en-GB\">1<\/span><\/span><span style=\"color: #000000;\"><span lang=\"en-GB\">7-B43(TR)<\/span><\/span><span style=\"color: #ff0000;\"><span lang=\"en-GB\">bal<\/span><\/span><span style=\"color: #000000;\"><span lang=\"en-GB\">B106(IC): <\/span><\/span><\/p>\n<p><span style=\"color: #000000;\"> <span lang=\"en-GB\">15-B173(TR)<\/span><\/span><span style=\"color: #ff0000;\"><span lang=\"en-GB\">bal<\/span><\/span><span style=\"color: #000000;\"><span lang=\"en-GB\">B69(TR):<\/span><\/span><span style=\"color: #000000;\"><span lang=\"it-IT\">12-B70(TR)<\/span><\/span><span style=\"color: #ff0000;\"><span lang=\"it-IT\">bal<\/span><\/span><span style=\"color: #000000;\"><span lang=\"it-IT\">B72(TR):10-B149(TR)<\/span><\/span><span style=\"color: #ff0000;\"><span lang=\"it-IT\">bal<\/span><\/span><span style=\"color: #000000;\"><span lang=\"it-IT\">B135(TR): <\/span><\/span><\/p>\n<p><span lang=\"it-IT\">09-B88(TR)<\/span><span style=\"color: #ff0000;\"><span lang=\"it-IT\">bal<\/span><\/span><span lang=\"it-IT\">B78(TR): <\/span><span style=\"color: #000000;\"><span lang=\"it-IT\">08-B13(TR)<\/span><\/span><span style=\"color: #ff0000;\"><span lang=\"it-IT\">mrk<\/span><\/span><span style=\"color: #000000;\"><span lang=\"it-IT\">B10(TR): <\/span><\/span><\/p>\n<p lang=\"it-IT\"><span style=\"color: #000000;\"> 06-B175(TR)<span style=\"color: #ff0000;\">mrk<\/span>MG60(TR): <span lang=\"en-GB\">04-B146(TR)<\/span><span style=\"color: #ff0000;\"><span lang=\"en-GB\">bal<\/span><\/span><span lang=\"en-GB\">A34(TR) : <\/span><\/span><\/p>\n<p lang=\"it-IT\"><span style=\"color: #000000;\"> 03-B233(PN)<span style=\"color: #ff0000;\">hbpn<\/span>B483(PN): 01-B922(PN)<span style=\"color: #ff0000;\">hbpn<\/span>NO6238b(PN):<\/span><\/p>\n<p><span style=\"color: #000000;\"> 00-B92(TR)<\/span><span style=\"color: #ff0000;\">hbpn<\/span><span style=\"color: #000000;\">A39(PN): 99-B133(TR)<\/span><span style=\"color: #ff0000;\">ins<\/span><span style=\"color: #000000;\">B129(TR) :<\/span><\/p>\n<p lang=\"it-IT\"><span style=\"color: #000000;\"> 96-B173(TR)<span style=\"color: #ff0000;\">lgn<\/span>B169(TR): 94-B2(TR)<span style=\"color: #ff0000;\">lgn<\/span>A224(PJ): 92-B13(TR)<span style=\"color: #ff0000;\">rud<\/span>B58(WP):<\/span><\/p>\n<p lang=\"it-IT\"><span style=\"color: #000000;\"> 90-B342(BA)<span style=\"color: #ff0000;\">ins<\/span>BO288(OH): <span style=\"font-size: medium;\"><span lang=\"en-GB\">88- B123(BA)<\/span><\/span><span style=\"color: #ff0000;\"><span style=\"font-size: medium;\"><span lang=\"en-GB\">shr<\/span><\/span><\/span><span style=\"font-size: medium;\"><span lang=\"en-GB\">B137(BA) : <\/span><\/span><\/span><\/p>\n<p><span style=\"color: #000000;\"> <span style=\"font-size: medium;\"><span lang=\"en-GB\">86-B428(BA)<\/span><\/span><\/span><span style=\"color: #ff0000;\"><span style=\"font-size: medium;\"><span lang=\"en-GB\">shr<\/span><\/span><\/span><span style=\"color: #000000;\"><span style=\"font-size: medium;\"><span lang=\"en-GB\">B182(BA): <\/span><\/span><\/span><span style=\"color: #000000;\"><span style=\"font-size: medium;\"><span lang=\"en-GB\">84-B387(BA)<\/span><\/span><\/span><span style=\"color: #ff0000;\"><span style=\"font-size: medium;\"><span lang=\"en-GB\">shr<\/span><\/span><\/span><span style=\"color: #000000;\"><span style=\"font-size: medium;\"><span lang=\"en-GB\">T301(BA): <\/span><\/span><\/span><\/p>\n<p><span style=\"color: #000000;\"> <span style=\"font-size: medium;\"><span lang=\"en-GB\">82-B272(BA)<\/span><\/span><\/span><span style=\"color: #ff0000;\"><span style=\"font-size: medium;\"><span lang=\"en-GB\">shr<\/span><\/span><\/span><span style=\"color: #000000;\"><span style=\"font-size: medium;\"><span lang=\"en-GB\">B132(BA): <\/span><\/span><\/span><span style=\"color: #000000;\"><span style=\"font-size: medium;\"><span lang=\"en-GB\">80- B265(BA)<\/span><\/span><\/span><span style=\"color: #ff0000;\"><span style=\"font-size: medium;\"><span lang=\"en-GB\">shr<\/span><\/span><\/span><span style=\"color: #000000;\"><span style=\"font-size: medium;\"><span lang=\"en-GB\">B129(BA):<\/span><\/span><\/span><\/p>\n<p><span style=\"color: #000000;\"> <span style=\"font-size: medium;\"><span lang=\"en-GB\">78-B135(BA)<\/span><\/span><\/span><span style=\"color: #ff0000;\"><span style=\"font-size: medium;\"><span lang=\"en-GB\">shr<\/span><\/span><\/span><span style=\"color: #000000;\"><span style=\"font-size: medium;\"><span lang=\"en-GB\">B282(BA): 76-B366(BA)<\/span><\/span><\/span><span style=\"color: #ff0000;\"><span style=\"font-size: medium;\"><span lang=\"en-GB\">shr<\/span><\/span><\/span><span style=\"color: #000000;\"><span style=\"font-size: medium;\"><span lang=\"en-GB\">B427(BA):<\/span><\/span><\/span><\/p>\n<p><span style=\"color: #000000;\"> <span style=\"font-size: medium;\"><span lang=\"en-GB\">73-A200(BA)<\/span><\/span><\/span><span style=\"color: #ff0000;\"><span style=\"font-size: medium;\"><span lang=\"en-GB\">shr<\/span><\/span><\/span><span style=\"color: #000000;\"><span style=\"font-size: medium;\"><span lang=\"en-GB\">B233(BA): 70-A163(BA)<\/span><\/span><\/span><span style=\"color: #ff0000;\"><span style=\"font-size: medium;\"><span lang=\"en-GB\">shr<\/span><\/span><\/span><span style=\"color: #000000;\"><span style=\"font-size: medium;\"><span lang=\"en-GB\">B421(BA):<\/span><\/span><\/span><\/p>\n<p><span style=\"color: #000000;\"> <span style=\"font-size: medium;\"><span lang=\"en-GB\">68-A149(BA)<\/span><\/span><\/span><span style=\"color: #ff0000;\"><span style=\"font-size: medium;\"><span lang=\"en-GB\">shr<\/span><\/span><\/span><span style=\"color: #000000;\"><span style=\"font-size: medium;\"><span lang=\"en-GB\">G425(BA): 65-A133(BA)<\/span><\/span><\/span><span style=\"color: #ff0000;\"><span style=\"font-size: medium;\"><span lang=\"en-GB\">shr<\/span><\/span><\/span><span style=\"color: #000000;\"><span style=\"font-size: medium;\"><span lang=\"en-GB\">255(BA):<\/span><\/span><\/span><\/p>\n<p><span style=\"color: #000000;\"> <span style=\"font-size: medium;\"><span lang=\"en-GB\">63-A416(BA)<\/span><\/span><\/span><span style=\"color: #ff0000;\"><span style=\"font-size: medium;\"><span lang=\"en-GB\">shr<\/span><\/span><\/span><span style=\"color: #000000;\"><span style=\"font-size: medium;\"><span lang=\"en-GB\">436(BA): No.:A416= pure sinop<\/span><\/span><\/span><\/p>\n<p>F\u00fcr die Saison 2023 planen wir mindestens 24 Drohnenv\u00f6lker aufzustellen, um eine gute Begattung zu gew\u00e4hrleisten. Wie bereits in den vergangenen Jahren begrenzen wir die Anzahl der Einheiten je Durchgang. Wir m\u00f6chten, dass die K\u00f6niginnen gut begattet werden und bei den Imkern\/Z\u00fcchtern ein langes K\u00f6niginnen- Leben haben. Wir freuen uns auf die kommende Saison und hei\u00dfen alle Beschicker herzlich willkommen.<\/p>\n<p>Die Anmeldung erfolgt bitte wieder per Mail via die Homepage.<\/p>\n<p>Gutes Gelingen bei der Aufzucht der K\u00f6niginnen w\u00fcnscht das Belegstellenteam!<\/p>\n","protected":false},"excerpt":{"rendered":"<p>Auf der Buckfast Belegstelle Leyh\u00f6rn kommen 2023 T\u00f6chter der B9(TR) zur Aufstellung. Als ich die K\u00f6nigin samt Ableger im Fr\u00fchsommer bei Thomas abgeholt habe sagte er sinngem\u00e4\u00df: \u201eSchau mal auf die Ahnentafel, 57 Jahre Zuchtarbeit und immer noch vital und<\/p>\n","protected":false},"author":1,"featured_media":0,"parent":0,"menu_order":0,"comment_status":"closed","ping_status":"closed","template":"","meta":{"ngg_post_thumbnail":0,"jetpack_post_was_ever_published":false,"footnotes":""},"class_list":["post-374","page","type-page","status-publish","hentry"],"jetpack_sharing_enabled":true,"_links":{"self":[{"href":"https:\/\/leyhoern.de\/index.php?rest_route=\/wp\/v2\/pages\/374","targetHints":{"allow":["GET"]}}],"collection":[{"href":"https:\/\/leyhoern.de\/index.php?rest_route=\/wp\/v2\/pages"}],"about":[{"href":"https:\/\/leyhoern.de\/index.php?rest_route=\/wp\/v2\/types\/page"}],"author":[{"embeddable":true,"href":"https:\/\/leyhoern.de\/index.php?rest_route=\/wp\/v2\/users\/1"}],"replies":[{"embeddable":true,"href":"https:\/\/leyhoern.de\/index.php?rest_route=%2Fwp%2Fv2%2Fcomments&post=374"}],"version-history":[{"count":4,"href":"https:\/\/leyhoern.de\/index.php?rest_route=\/wp\/v2\/pages\/374\/revisions"}],"predecessor-version":[{"id":378,"href":"https:\/\/leyhoern.de\/index.php?rest_route=\/wp\/v2\/pages\/374\/revisions\/378"}],"wp:attachment":[{"href":"https:\/\/leyhoern.de\/index.php?rest_route=%2Fwp%2Fv2%2Fmedia&parent=374"}],"curies":[{"name":"wp","href":"https:\/\/api.w.org\/{rel}","templated":true}]}}