{"id":444,"date":"2024-02-05T09:52:16","date_gmt":"2024-02-05T09:52:16","guid":{"rendered":"https:\/\/leyhoern.de\/?page_id=444"},"modified":"2024-02-05T10:26:41","modified_gmt":"2024-02-05T10:26:41","slug":"beschreibung-der-drohnenlinie-2024","status":"publish","type":"page","link":"https:\/\/leyhoern.de\/?page_id=444","title":{"rendered":"Beschreibung der Drohnenlinie 2024"},"content":{"rendered":"<h3>Belegstellenplanung f\u00fcr Leyh\u00f6rn 2024<\/h3>\n<p>Als im Jahr 2022 die B601(TR) bei uns auf Leyh\u00f6rn als Drohnenlinie verwendet wurde, hatten wir nicht nur eine sehr gute Drohnenlinie sondern auch wieder Kontakt mit Pierre de Konig von der Zuchtgruppe Marken. Er hat diese Linie vom Import aus der T\u00fcrkei bis hin zur Pr\u00fcfung bei Thomas R\u00fcppel begleitet. Pierre brachte K\u00f6niginnen zur Anpaarung nach Leyh\u00f6rn und wie es sich dann so ergibt, &nbsp;&nbsp;tauschten wir auch Material aus. Mit diesen Anpaarungen war Pierre sehr zufrieden und meinte, er h\u00e4tte eine Idee f\u00fcr eine besondere\/neue Drohnenlinie- die <a href=\"https:\/\/pedigree.gdeb.eu\/de\/koeniginnen\/queen=19802\">B47(MKN)<\/a>. Da die B9(TR) T\u00f6chter f\u00fcr 2023 schon fertig nachgezogen und in den V\u00f6lkern eingeweiselt waren, beschlossen wir die B47(MKN) f\u00fcr 2024 zu verwenden. An dieser Planung finden wir besonders die Abstammung der <a href=\"https:\/\/pedigree.gdeb.eu\/de\/koeniginnen\/queen=19802\">B47(MKN)<\/a> spannend. Sie stammt urspr\u00fcnglich aus einem Horst Preissl- Import und wurde von ihm \u00fcber viele Generationen hinweg bearbeitet. \u00dcber D\u00e4nemark nahm sie ihren Weg nach Marken in den Niederlande. Die K\u00f6nigin kam im Ableger zu uns und wir begannen umgehend mit der Vermehrung. Die Bewertungen auf der beiliegenden Stockkarte hatte es voll getroffen. Pierre gilt unter den Imkern als objektiver und aufrichtiger Pr\u00fcfer von Bienenv\u00f6lkern. Thomas lobt stets die Genauigkeit und Pr\u00e4zision mit der gearbeitet wird. Gerade was die Sanftmut und den Wabensitz anbelangt sind wir sehr angetan. Die Bienen sitzen wunderbar auf der Wabe, selbst wenn man sie einige Minuten an die Seite stellt. Wird der Kasten ge\u00f6ffnet schauen die Bienen kurz neugierig auf und gehen nach unten in die Wabengasse zur\u00fcck. Wirrbau ist ein Fremdwort f\u00fcr diese Biene. Eine Freude f\u00fcr den Imker. Pierre bescheinigt der <a href=\"https:\/\/pedigree.gdeb.eu\/de\/koeniginnen\/queen=19802\">B47(MKN)<\/a> einen guten Honigertrag. Wir denken, die <a href=\"https:\/\/pedigree.gdeb.eu\/de\/koeniginnen\/queen=19802\">B47(MKN)<\/a> reiht sich prima in die Reihe der Spitzen-Drohnenlinien ein. Das Bild zeigt das Volk der <a href=\"https:\/\/pedigree.gdeb.eu\/de\/koeniginnen\/queen=19802\">B47(MKN)<\/a>. Vom Erscheinungsbild ist sie sehr sch\u00f6n, gleichm\u00e4\u00dfig lederbraun. Auch die Stockkarte von Pierre sagt viel aus.<\/p>\n<p><a href=\"https:\/\/i0.wp.com\/leyhoern.de\/wp-content\/uploads\/2024\/02\/IMG_0796-rotated.jpeg?ssl=1\"><img data-recalc-dims=\"1\" loading=\"lazy\" decoding=\"async\" class=\"alignnone wp-image-446 size-large\" src=\"https:\/\/i0.wp.com\/leyhoern.de\/wp-content\/uploads\/2024\/02\/IMG_0796.jpeg?resize=710%2C533&#038;ssl=1\" alt=\"\" width=\"710\" height=\"533\" srcset=\"https:\/\/i0.wp.com\/leyhoern.de\/wp-content\/uploads\/2024\/02\/IMG_0796-rotated.jpeg?resize=1024%2C768&amp;ssl=1 1024w, https:\/\/i0.wp.com\/leyhoern.de\/wp-content\/uploads\/2024\/02\/IMG_0796-rotated.jpeg?resize=300%2C225&amp;ssl=1 300w, https:\/\/i0.wp.com\/leyhoern.de\/wp-content\/uploads\/2024\/02\/IMG_0796-rotated.jpeg?resize=768%2C576&amp;ssl=1 768w, https:\/\/i0.wp.com\/leyhoern.de\/wp-content\/uploads\/2024\/02\/IMG_0796-rotated.jpeg?resize=1536%2C1152&amp;ssl=1 1536w, https:\/\/i0.wp.com\/leyhoern.de\/wp-content\/uploads\/2024\/02\/IMG_0796-rotated.jpeg?w=2048&amp;ssl=1 2048w, https:\/\/i0.wp.com\/leyhoern.de\/wp-content\/uploads\/2024\/02\/IMG_0796-rotated.jpeg?w=1420&amp;ssl=1 1420w\" sizes=\"auto, (max-width: 710px) 100vw, 710px\" \/><\/a><\/p>\n<h1><a href=\"https:\/\/pedigree.gdeb.eu\/de\/koeniginnen\/queen=19802\"><strong>B47(MKN)= .21-B56(MKN) mrk A36<\/strong><\/a><\/h1>\n<p><a href=\"https:\/\/pedigree.gdeb.eu\/de\/koeniginnen\/queen=19802\"><img data-recalc-dims=\"1\" loading=\"lazy\" decoding=\"async\" class=\"alignnone wp-image-450 size-full\" src=\"https:\/\/i0.wp.com\/leyhoern.de\/wp-content\/uploads\/2024\/02\/Unbenannt.jpg?resize=710%2C323&#038;ssl=1\" alt=\"\" width=\"710\" height=\"323\" srcset=\"https:\/\/i0.wp.com\/leyhoern.de\/wp-content\/uploads\/2024\/02\/Unbenannt.jpg?w=1000&amp;ssl=1 1000w, https:\/\/i0.wp.com\/leyhoern.de\/wp-content\/uploads\/2024\/02\/Unbenannt.jpg?resize=300%2C137&amp;ssl=1 300w, https:\/\/i0.wp.com\/leyhoern.de\/wp-content\/uploads\/2024\/02\/Unbenannt.jpg?resize=768%2C349&amp;ssl=1 768w\" sizes=\"auto, (max-width: 710px) 100vw, 710px\" \/><\/a><\/p>\n","protected":false},"excerpt":{"rendered":"<p>Belegstellenplanung f\u00fcr Leyh\u00f6rn 2024 Als im Jahr 2022 die B601(TR) bei uns auf Leyh\u00f6rn als Drohnenlinie verwendet wurde, hatten wir nicht nur eine sehr gute Drohnenlinie sondern auch wieder Kontakt mit Pierre de Konig von der Zuchtgruppe Marken. Er hat<\/p>\n","protected":false},"author":1,"featured_media":0,"parent":0,"menu_order":0,"comment_status":"closed","ping_status":"closed","template":"","meta":{"ngg_post_thumbnail":0,"jetpack_post_was_ever_published":false,"footnotes":""},"class_list":["post-444","page","type-page","status-publish","hentry"],"jetpack_sharing_enabled":true,"_links":{"self":[{"href":"https:\/\/leyhoern.de\/index.php?rest_route=\/wp\/v2\/pages\/444","targetHints":{"allow":["GET"]}}],"collection":[{"href":"https:\/\/leyhoern.de\/index.php?rest_route=\/wp\/v2\/pages"}],"about":[{"href":"https:\/\/leyhoern.de\/index.php?rest_route=\/wp\/v2\/types\/page"}],"author":[{"embeddable":true,"href":"https:\/\/leyhoern.de\/index.php?rest_route=\/wp\/v2\/users\/1"}],"replies":[{"embeddable":true,"href":"https:\/\/leyhoern.de\/index.php?rest_route=%2Fwp%2Fv2%2Fcomments&post=444"}],"version-history":[{"count":4,"href":"https:\/\/leyhoern.de\/index.php?rest_route=\/wp\/v2\/pages\/444\/revisions"}],"predecessor-version":[{"id":460,"href":"https:\/\/leyhoern.de\/index.php?rest_route=\/wp\/v2\/pages\/444\/revisions\/460"}],"wp:attachment":[{"href":"https:\/\/leyhoern.de\/index.php?rest_route=%2Fwp%2Fv2%2Fmedia&parent=444"}],"curies":[{"name":"wp","href":"https:\/\/api.w.org\/{rel}","templated":true}]}}