{"id":50,"date":"2020-11-27T22:22:38","date_gmt":"2020-11-27T22:22:38","guid":{"rendered":"https:\/\/leyhoern.de\/?page_id=50"},"modified":"2020-11-28T00:20:56","modified_gmt":"2020-11-28T00:20:56","slug":"liebe-buckfast-imkerinnen-und-buckfast-imker","status":"publish","type":"page","link":"https:\/\/leyhoern.de\/?page_id=50","title":{"rendered":"Belegstellensaison 2020"},"content":{"rendered":"<div class=\"page\" title=\"Page 6\">\n<div class=\"section\">\n<div class=\"layoutArea\">\n<div class=\"column\">\n<p>Liebe Buckfast-Imkerinnen und Buckfast-Imker,<\/p>\n<p>die Belegstellensaison 2020 ging am 04. September zu Ende, die Drohnenv\u00f6lker wurden nach Hause geholt. Sie hatten die Saison \u00fcberraschend gut \u00fcberstanden und es waren sogar noch Drohnen in den V\u00f6lkern vorhanden. Allerdings wurde das Wetter nun wechselhafter, was einen verantwortungsvollen Belegstellenbetrieb sowohl f\u00fcr die Drohnenv\u00f6lker als auch f\u00fcr die Beschicker mit den Begattungseinheiten vor unkalkulierbare Risiken stellen w\u00fcrde. Da greift die ostfriesische Weisheit \u201ees ist jetzt mal gut gewesen!\u201c Also Belegstelle abger\u00e4umt und Bienen winterfertig gemacht.<\/p>\n<p>Bei den Abr\u00e4umarbeiten wurde uns pl\u00f6tzlich bewusst, dass die Bienenv\u00f6lker dieses Jahr eigentlich mit einem typischen Ehrenbogen die Belegstelle geb\u00fchrend verlassen h\u00e4tten d\u00fcrfen, denn die Buckfast Belegstelle Leyh\u00f6rn feierte dieses Jahr tats\u00e4chlich ihr 20-j\u00e4hriges Bestehen!<\/p>\n<p><img data-recalc-dims=\"1\" loading=\"lazy\" decoding=\"async\" class=\"size-medium wp-image-25 alignleft\" src=\"https:\/\/i0.wp.com\/leyhoern.de\/wp-content\/uploads\/2020\/11\/leyhoern_buckfast_belegstelle-1a.jpg?resize=225%2C300&#038;ssl=1\" alt=\"\" width=\"225\" height=\"300\" srcset=\"https:\/\/i0.wp.com\/leyhoern.de\/wp-content\/uploads\/2020\/11\/leyhoern_buckfast_belegstelle-1a.jpg?resize=225%2C300&amp;ssl=1 225w, https:\/\/i0.wp.com\/leyhoern.de\/wp-content\/uploads\/2020\/11\/leyhoern_buckfast_belegstelle-1a.jpg?resize=768%2C1024&amp;ssl=1 768w, https:\/\/i0.wp.com\/leyhoern.de\/wp-content\/uploads\/2020\/11\/leyhoern_buckfast_belegstelle-1a.jpg?w=900&amp;ssl=1 900w\" sizes=\"auto, (max-width: 225px) 100vw, 225px\" \/>Hartmut Fecht, ein Ostfriese, der die Dinge ohne viel Tamm-Tamm angeht, hatte sich vor nunmehr 20 Jahren aufgemacht und mit der Hilfe von Friedrich-Karl Tiesler diese Belegstelle ins Leben gerufen. An anderen Stellen, wo die Zuchtrichtungen sich uneins waren, wurde viel Energie in Auseinandersetzungen verschwen- det. F\u00fcr die Belegstelle Leyh\u00f6rn lief es anders: Hartmut Fecht und Herr Tiesler mussten Beh\u00f6rden \u00fcberzeugen, den Belegstellenbetrieb zu erm\u00f6glichen. Zum Gl\u00fcck gelang dies und\u00a0die Belegstelle Leyh\u00f6rn reift zu einer Belegstelle, die am l\u00e4ngsten Buckfastmaterial zur Verf\u00fcgung stellt. An dieser Stelle ein gro\u00dfes Dankesch\u00f6n, Hartmut, f\u00fcr Deinen Einsatz in der Buckfastzucht!<\/p>\n<\/div>\n<div class=\"column\">\n<p>F\u00fcr die Jubil\u00e4umssaison 2020 kann Folgendes berichtet werden: Trotz an- f\u00e4nglicher Bedenken wegen m\u00f6glicher Corona-Einschr\u00e4nkungen ist alles gut verlaufen. Die Drohnenv\u00f6lker wurden wie geplant ausgewintert, und entwi- ckelten sich z\u00fcgig. Zum Start der Sai- son standen reichlich geschlechtsreife Drohnen zur Verf\u00fcgung. Die B7(ABK) aus der Zucht von Stefan Luff hielt, was sich schon bei der Aufzucht der Drohnenv\u00f6lker abzeichnete. Trotz der Eindrohnbesamung waren die K\u00f6ni- ginnen\/V\u00f6lker sehr vital und entwick- lungsfreudig. Einfach eine gute Wahl. Da hat Stefan eine gl\u00fcckliche Hand bei der Zucht und der Selektion bewiesen. F\u00fcr uns als Belegstellenbetreiber sind V\u00f6lker, die nach der Saison so gut aussehen, wie dieses Jahr, ein Beweis f\u00fcr eine gut selektierte und durchgez\u00fcchtete Drohnenlinie. Die Beschicker meldeten ihre Begattungsergebnisse erfreulicherweise sehr zeitnah. Im Mittel ergibt sich f\u00fcr dieses Jahr eine Begattungserfolg von 83%. Ein Kompliment an die Vorbereitung der Begattungseinheiten der Beschicker. Die Vorbereitung der Einheiten ver- dient meines Erachtens ein besonderes Augenmerk. Meistens ist die Vorbereitung sogar noch gewichtiger f\u00fcr das Begattungsergebnis als das Wetter. Umso spannender sind die Korrelationen zwischen Begattungsergebnis des Beschickers, Pr\u00e4paration der Einheiten und dem Wetter. Einige Z\u00fcchter haben z.B. trotz vermeintlich ung\u00fcnstigem Wetter ann\u00e4hernd 100% Ergebnisse, w\u00e4hrend andere selbst bei Durchg\u00e4ngen mit Traumwetter leer ausgingen. Wie kann das sein? Im Folgenden schildere ich meine Eindr\u00fccke und Erfahrungen, aus denen hoffentlich das ein oder andere f\u00fcr die Vorbereitung der Einheiten abgeleitet werden kann. Eigentlich ist es ganz einfach auf den Punkt zu bringen: Das Ma\u00df der Dinge entscheidet. Als erstes benenne ich die Menge und die Zusammenset- zung der Bienen in den Einheiten. Es sollten junge Bienen in den Einheiten verwendet werden, da die Altbienen sp\u00e4testens auf der Belegstelle abfliegen und die Einheiten mit zu vielen Altbienen sehr schrumpfen. Lieber<\/p>\n<div class=\"page\" title=\"Page 7\">\n<div class=\"section\">\n<div class=\"layoutArea\">\n<div class=\"column\">\n<p>ein paar weniger Einheiten, die daf\u00fcr aber Jungbienen enthalten. Zur Menge m\u00f6chte ich mit auf den Weg geben, dass eine gro\u00dfz\u00fcgige Versorgung besser als eine Mangelversorgung ist. Allerdings sollten die Bienen nicht in Trauben vor dem Flugloch sitzen, weil<\/p>\n<\/div>\n<div class=\"column\">\n<p>z.B. in Mini Plus Einheiten zu viel aus- laufende Brut mitgegeben wurde. Es ist schade um die Bienen, die herren- los auf der Belegstelle zur\u00fcckgeblie- ben sind. Die Waben der Einheiten, ob Mini Plus oder Apidea sollten gut mit Bienen besetzt sein. Etwas Schwan- kungen sind in diesem Punkt verzeih- lich, sofern Jungbienen zum Einsatz kommen, die w\u00e4hrend der Zeit auf der Belegstelle ihren Dienst tun.<\/p>\n<p>In diesem Zusammenhang spielt auch die Futterversorgung der Einheiten eine gewichtige Rolle. Auch hier ist das Ma\u00df der Dinge entscheidend. Fl\u00fcssigfutter ist absolut kontraproduk- tiv, da es R\u00e4uberei beg\u00fcnstigt, weil beim Einf\u00fcllen immer irgendwo etwas vorbeigeht. Futterteig wird hingegen langsam von den Bienen abgenommen und erzielt somit eine bessere Wirkung. Es sollten Teige verwendet werden, die nicht zum Austrocknen neigen aber auch nicht zu viel Wasser enthalten, um ein Verkleben der Bienen zu vermeiden. F\u00fcr die Selbermacher unter den Imkern, gibt es ein Futterteigrezept von Horst Preissl auf das ich in einer sp\u00e4teren Ausgabe vom Buckfastimker eingehen werde. Dieses Rezept hat sich viel Male bew\u00e4hrt und kann einfach und jeder Menge hergestellt werden.<\/p>\n<div class=\"page\" title=\"Page 9\">\n<div class=\"section\">\n<div class=\"layoutArea\">\n<div class=\"column\">\n<p>Eine Bitte an alle Beschicker: Halten Sie die Dinge einfach! Die verschiedenen \u00d6ffnungsmechanismen der K\u00e4sten sind in ihrer Vielfalt schier unendlich. Man braucht als Belegstellenbetreiber einen Satz Spezialwerkzeug, um alle Erfindungen zu bedienen. Wir haben schon ganze Tutorials mitbekommen, wie wir die K\u00e4sten zu bedienen haben. Stattdessen legen wir Wert auf ein ordentliches Drohnenabsperrgitter\u00a0und absolute Drohnenfreiheit. Wenn wir den Eindruck haben, dass eine\u00a0der beiden Voraussetzungen nicht erf\u00fcllt ist, werden die Einheiten nicht aufgestellt. Dies geschieht zum Schutz vor Fehlpaarungen und aus Respekt vor der Arbeit aller gewissenhaften Beschicker. Die R\u00fcckmeldungen der Imker sind f\u00fcr uns Ansporn und Best\u00e4- tigung, die Belegstelle mit Herzblut zu betreiben.<\/p>\n<p>Die Drohnenv\u00f6lker f\u00fcr die Saison 2021 sind erstellt und eingewintert. Im n\u00e4chsten Jahr wird die B11 von Thomas R\u00fcppel in Leyh\u00f6rn an den Start gehen, Eine typische Buckfast-Biene, nach Selektionskriterien der \u201ealten Schule\u201c ausgew\u00e4hlt, mit Ausrichtung auf Honigertrag und Vitalit\u00e4t. Die spezifische Linienbeschreibung vom Z\u00fcchter sowie die organisatorischen Modalit\u00e4ten werden im n\u00e4chsten Buckfast-Imker bekannt gegeben.<\/p>\n<p>Bis dahin w\u00fcnschen wir Euch einen guten Ausklang des diesj\u00e4hrigen Imkerjahres und erfolgreiche Vorbereitungen f\u00fcr die kommende Saison.<\/p>\n<p>Peter Spieker<\/p>\n<figure id=\"attachment_33\" aria-describedby=\"caption-attachment-33\" style=\"width: 1280px\" class=\"wp-caption alignnone\"><img data-recalc-dims=\"1\" loading=\"lazy\" decoding=\"async\" class=\"wp-image-33 size-full\" src=\"https:\/\/i0.wp.com\/leyhoern.de\/wp-content\/uploads\/2020\/11\/peter_spieker.jpeg?resize=710%2C355&#038;ssl=1\" alt=\"\" width=\"710\" height=\"355\" srcset=\"https:\/\/i0.wp.com\/leyhoern.de\/wp-content\/uploads\/2020\/11\/peter_spieker.jpeg?w=1280&amp;ssl=1 1280w, https:\/\/i0.wp.com\/leyhoern.de\/wp-content\/uploads\/2020\/11\/peter_spieker.jpeg?resize=300%2C150&amp;ssl=1 300w, https:\/\/i0.wp.com\/leyhoern.de\/wp-content\/uploads\/2020\/11\/peter_spieker.jpeg?resize=1024%2C512&amp;ssl=1 1024w, https:\/\/i0.wp.com\/leyhoern.de\/wp-content\/uploads\/2020\/11\/peter_spieker.jpeg?resize=768%2C384&amp;ssl=1 768w\" sizes=\"auto, (max-width: 710px) 100vw, 710px\" \/><figcaption id=\"caption-attachment-33\" class=\"wp-caption-text\">Peter Spieker &#8211; Zuchtkoordinator der GdeB e.V.<\/figcaption><\/figure>\n<\/div>\n<\/div>\n<\/div>\n<\/div>\n<\/div>\n<\/div>\n<\/div>\n<\/div>\n<\/div>\n<\/div>\n<\/div>\n<\/div>\n","protected":false},"excerpt":{"rendered":"<p>Liebe Buckfast-Imkerinnen und Buckfast-Imker, die Belegstellensaison 2020 ging am 04. September zu Ende, die Drohnenv\u00f6lker wurden nach Hause geholt. Sie hatten die Saison \u00fcberraschend gut \u00fcberstanden und es waren sogar noch Drohnen in den V\u00f6lkern vorhanden. Allerdings wurde das Wetter<\/p>\n","protected":false},"author":1,"featured_media":33,"parent":0,"menu_order":0,"comment_status":"closed","ping_status":"closed","template":"","meta":{"ngg_post_thumbnail":0,"jetpack_post_was_ever_published":false,"footnotes":""},"class_list":["post-50","page","type-page","status-publish","has-post-thumbnail","hentry"],"jetpack_sharing_enabled":true,"_links":{"self":[{"href":"https:\/\/leyhoern.de\/index.php?rest_route=\/wp\/v2\/pages\/50","targetHints":{"allow":["GET"]}}],"collection":[{"href":"https:\/\/leyhoern.de\/index.php?rest_route=\/wp\/v2\/pages"}],"about":[{"href":"https:\/\/leyhoern.de\/index.php?rest_route=\/wp\/v2\/types\/page"}],"author":[{"embeddable":true,"href":"https:\/\/leyhoern.de\/index.php?rest_route=\/wp\/v2\/users\/1"}],"replies":[{"embeddable":true,"href":"https:\/\/leyhoern.de\/index.php?rest_route=%2Fwp%2Fv2%2Fcomments&post=50"}],"version-history":[{"count":8,"href":"https:\/\/leyhoern.de\/index.php?rest_route=\/wp\/v2\/pages\/50\/revisions"}],"predecessor-version":[{"id":108,"href":"https:\/\/leyhoern.de\/index.php?rest_route=\/wp\/v2\/pages\/50\/revisions\/108"}],"wp:featuredmedia":[{"embeddable":true,"href":"https:\/\/leyhoern.de\/index.php?rest_route=\/wp\/v2\/media\/33"}],"wp:attachment":[{"href":"https:\/\/leyhoern.de\/index.php?rest_route=%2Fwp%2Fv2%2Fmedia&parent=50"}],"curies":[{"name":"wp","href":"https:\/\/api.w.org\/{rel}","templated":true}]}}