{"id":528,"date":"2025-01-10T21:48:10","date_gmt":"2025-01-10T21:48:10","guid":{"rendered":"https:\/\/leyhoern.de\/?page_id=528"},"modified":"2025-01-10T21:48:10","modified_gmt":"2025-01-10T21:48:10","slug":"leyhoern-2024-2025","status":"publish","type":"page","link":"https:\/\/leyhoern.de\/?page_id=528","title":{"rendered":"Leyh\u00f6rn 2024\/2025"},"content":{"rendered":"<h3>Leyh\u00f6rn 2024\/2025<\/h3>\n<p>Langer Lauf mit schwerem Start. So haben wir die Saison 2024 empfunden. F\u00fcr gute Drohnenv\u00f6lker k\u00f6nnen wir sorgen, auch den Stellplatz gewissenhaft herrichten ist ein Leichtes, aber das Wetter, ja das Wetter, das hatte es in sich. Die ersten Durchg\u00e4nge, die traditionell am st\u00e4rksten nachgefragt sind, waren von der Schlechtwetterperiode im Juni betroffen. Sowohl die K\u00f6niginnen als auch die Drohnen hatten nur ganz kurze Zeitfenster, um zueinander zu finden. Die Ergebnisse blieben weit hinter den Erwartungen zur\u00fcck. Als Belegstellen-Team ist es f\u00fcr uns das Sch\u00f6nste, wenn wir zufriedene Beschicker mit tollen Ergebnissen erleben. Aber das Jahr 2024 hat uns gezeigt wer der Meister ist. Ab Juli endlich, wurde unsere Wetterbestellung bei Petrus bearbeitet und angenommen. Jeder Durchgang hatte ab nun Chancen auf gute Begattung. Das Wetter hat uns am Ende noch so mutig gemacht, Ende August K\u00f6niginnen aufzustellen mit einem 90% Ergebnis. Als wir die Drohnenv\u00f6lker im Oktober abgeholt haben, fanden wir immer noch Drohnen. Dieses Ph\u00e4nomen k\u00f6nnen wir jedes Jahr beobachten. Wir vermuten, das h\u00e4ngt mit der guten Pollenversorgung und der sp\u00e4ten Tracht von der Strandaster zusammen.<br \/>\nAls Drohnenlinie hat uns die B47(MKN) die Saison sehr leicht gemacht. Der Drohnenrahmen war stets prima gepflegt. Die Arbeit an den Drohnenv\u00f6lkern konnte sich auf Futterkontrollen beschr\u00e4nken. Die K\u00f6niginnen konnten wir, wie in allen vergangenen Jahren, in den V\u00f6lkern belassen. Seit 2019 kommen die V\u00f6lker trotz der starken Drohnenvermehrung im Belegstellenbetrieb und der damit einhergehenden Milbeninvasion, in recht gutem Zustand nach Hause. Die Einbeziehung der Milbenresistenz in das Zuchtziel zeigt unter den extremen Belegstellenbedingungen Wirkung. Auch wenn die Varroaresistenz in der kompletten Bienenpopulation noch als ein ambitioniertes Ziel erscheint, so zeigen die Zuchtbem\u00fchungen auf den Belegstellen Wirkung. An dieser Stelle bedanken wir uns ganz herzlich bei Pierre de Konnig f\u00fcr diese Dohnenlinie.<br \/>\nF\u00fcr 2025 haben wir eine Drohnenlinie, die von Thomas R\u00fcppel kommt. Eine Auswahl, die bislang noch nirgendwo gestanden hat. Sie wurde von Thomas bearbeitet und im Jahr 2022 holten wir die B103(TR) mit ihrem gesamten Volk zu uns nach Ostfriesland. Thomas wies auf das Alter der K\u00f6nigin hin und empfahl uns, sich mit der Nachzucht zu beeilen. Gesagt, getan! Er hatte wieder einmal Recht. Das Volk wieselte noch im Herbst still um. Sowohl in der Imkerei von Thomas als auch bei uns zeigten sich T\u00f6chter der B103 als Champions. Bei uns war es der Kasten NR. 52, wo eine Tochter der B103(TR), angepaart mit der B601(TR) ihre Arbeit verrichtete. Wir haben eine stattliche Anzahl von T\u00f6chtern der B52 gezogen und damit V\u00f6lker aufgebaut, die 2025 als Drohnenv\u00f6lker auf Leyh\u00f6rn in den Einsatz kommen sollen. Zu den Eigenschaften folgendes: Sie ist lieb, aber keine Schlafzimmerbiene. Ihr Honigertrag rangiert im oberen Drittel. Sie ist sehr wabenstet und Wirrbau ist ihr weitgehend fremd. Uns gef\u00e4llt die gute \u00dcberwinterung. Die V\u00f6lker dieser Abstammung gehen stark ins Fr\u00fchjahr und sind in der Fr\u00fchtracht voll einsatzf\u00e4hig. Da wir nicht die Heidetracht oder die Waldtracht anwandern, k\u00f6nnen wir dazu nichts sagen. Die Sommertracht konnten wir mit dieser Biene prima ausnutzen. Kurz gesagt: Diese Biene gef\u00e4llt uns und ihre Vitalit\u00e4t wird der Buckfastpopulation einen guten Dienst erweisen.<\/p>\n<p><strong>B52(SP) = 22- B103(TR) ley B601(TR):<\/strong><br \/>\n20-B50(TR) mrk M102(MKN):<br \/>\n19-B178(TR) bal B84(TR):<br \/>\n18-B31(TR) bal M112(TR):<br \/>\n17-B82(TR) bal B106(IC):<br \/>\n16-PT121(TR) bal B76(TR):<br \/>\n15-PT7(TR) bal B69(TR):<br \/>\n14-B118c(PN) hbpn A NU2c(PN):<br \/>\n12-B118b(PN) hbhj PT1a(PN):<br \/>\n11-B118a(PN) hbpn MG464(PN): etc. PN<\/p>\n<p>Jedes Jahr hat seine Herausforderung. Mal sehen was sich das Jahr 2025 f\u00fcr uns Imker ausgedacht hat. Die besten Begattungserfolge hatten alle Jahre stets diejenigen Beschicker, die gen\u00fcgend gro\u00dfe, harmonische Einheiten mit gutem Futtervorrat gebracht haben. Euch allen ein gutes Gelingen bei der Aufzucht der K\u00f6niginnen und beim Zusammenstellen der Begattungseinheiten. Wir freuen uns auf die vielen guten Gespr\u00e4che, den fachlichen Austausch und auf das traditionelle Imkerfr\u00fchst\u00fcck bei uns in Ostfriesland.<\/p>\n<p>Das Belegstellenteam Leyh\u00f6rn<\/p>\n","protected":false},"excerpt":{"rendered":"<p>Leyh\u00f6rn 2024\/2025 Langer Lauf mit schwerem Start. So haben wir die Saison 2024 empfunden. F\u00fcr gute Drohnenv\u00f6lker k\u00f6nnen wir sorgen, auch den Stellplatz gewissenhaft herrichten ist ein Leichtes, aber das Wetter, ja das Wetter, das hatte es in sich. Die<\/p>\n","protected":false},"author":1,"featured_media":0,"parent":0,"menu_order":0,"comment_status":"closed","ping_status":"closed","template":"","meta":{"ngg_post_thumbnail":0,"jetpack_post_was_ever_published":false,"footnotes":""},"class_list":["post-528","page","type-page","status-publish","hentry"],"jetpack_sharing_enabled":true,"_links":{"self":[{"href":"https:\/\/leyhoern.de\/index.php?rest_route=\/wp\/v2\/pages\/528","targetHints":{"allow":["GET"]}}],"collection":[{"href":"https:\/\/leyhoern.de\/index.php?rest_route=\/wp\/v2\/pages"}],"about":[{"href":"https:\/\/leyhoern.de\/index.php?rest_route=\/wp\/v2\/types\/page"}],"author":[{"embeddable":true,"href":"https:\/\/leyhoern.de\/index.php?rest_route=\/wp\/v2\/users\/1"}],"replies":[{"embeddable":true,"href":"https:\/\/leyhoern.de\/index.php?rest_route=%2Fwp%2Fv2%2Fcomments&post=528"}],"version-history":[{"count":3,"href":"https:\/\/leyhoern.de\/index.php?rest_route=\/wp\/v2\/pages\/528\/revisions"}],"predecessor-version":[{"id":531,"href":"https:\/\/leyhoern.de\/index.php?rest_route=\/wp\/v2\/pages\/528\/revisions\/531"}],"wp:attachment":[{"href":"https:\/\/leyhoern.de\/index.php?rest_route=%2Fwp%2Fv2%2Fmedia&parent=528"}],"curies":[{"name":"wp","href":"https:\/\/api.w.org\/{rel}","templated":true}]}}