{"id":584,"date":"2026-01-10T17:08:07","date_gmt":"2026-01-10T17:08:07","guid":{"rendered":"https:\/\/leyhoern.de\/?page_id=584"},"modified":"2026-01-10T17:10:38","modified_gmt":"2026-01-10T17:10:38","slug":"beschreibung-der-drohnenlinie-2026","status":"publish","type":"page","link":"https:\/\/leyhoern.de\/?page_id=584","title":{"rendered":"Beschreibung der Drohnenlinie 2026"},"content":{"rendered":"<p><img data-recalc-dims=\"1\" loading=\"lazy\" decoding=\"async\" class=\"alignnone wp-image-589 size-large\" src=\"https:\/\/i0.wp.com\/leyhoern.de\/wp-content\/uploads\/2026\/01\/IMG_4353.jpeg?resize=710%2C533&#038;ssl=1\" alt=\"\" width=\"710\" height=\"533\" srcset=\"https:\/\/i0.wp.com\/leyhoern.de\/wp-content\/uploads\/2026\/01\/IMG_4353.jpeg?resize=1024%2C768&amp;ssl=1 1024w, https:\/\/i0.wp.com\/leyhoern.de\/wp-content\/uploads\/2026\/01\/IMG_4353.jpeg?resize=300%2C225&amp;ssl=1 300w, https:\/\/i0.wp.com\/leyhoern.de\/wp-content\/uploads\/2026\/01\/IMG_4353.jpeg?resize=768%2C576&amp;ssl=1 768w, https:\/\/i0.wp.com\/leyhoern.de\/wp-content\/uploads\/2026\/01\/IMG_4353.jpeg?w=1280&amp;ssl=1 1280w\" sizes=\"auto, (max-width: 710px) 100vw, 710px\" \/><\/p>\n<p>Zur Aufstellung kommt in 2026 eine T\u00f6chtergruppe der K\u00f6nigin S31(MKN).<\/p>\n<p>Das Pedigree lautet wie folgt:<\/p>\n<p><span style=\"color: #0563c1;\"><u><a href=\"https:\/\/buckfast-pedigree.eu\/fr\/reines\/queen=37910\">S31(MKN)22<\/a><\/u><\/span>&nbsp;=<\/p>\n<p>.22 &#8211;&nbsp;<span style=\"color: #0563c1;\"><u><a href=\"https:\/\/buckfast-pedigree.eu\/fr\/reines\/queen=37911\">S11(CL)20<\/a><\/u><\/span>&nbsp;mrk&nbsp; <span style=\"color: #0563c1;\"><u><a href=\"https:\/\/buckfast-pedigree.eu\/fr\/reines\/queen=20627\">B98(CL)20<\/a><\/u><\/span>&nbsp;[12 dr.c.] :&nbsp;<br \/>\n.20 &#8211;&nbsp;<span style=\"color: #0563c1;\"><u><a href=\"https:\/\/buckfast-pedigree.eu\/fr\/reines\/queen=19579\">S1(PPL)17<\/a><\/u><\/span>&nbsp;ins&nbsp;&nbsp;<span style=\"color: #0563c1;\"><u><a href=\"https:\/\/buckfast-pedigree.eu\/fr\/reines\/queen=20634\">B723(JPD)17sdi<\/a><\/u><\/span>&nbsp;[2 dr.c.] :&nbsp;<br \/>\n.17 &#8211;&nbsp;<span style=\"color: #0563c1;\"><u><a href=\"https:\/\/buckfast-pedigree.eu\/fr\/reines\/queen=19580\">imq.S1(MKN)15<\/a><\/u><\/span>&nbsp;mrk&nbsp; <span style=\"color: #0563c1;\"><u><a href=\"https:\/\/buckfast-pedigree.eu\/fr\/reines\/queen=83\">B26(TR)13<\/a><\/u><\/span>&nbsp;[22 dr.c.] :&nbsp;<br \/>\n.15 &#8211;&nbsp;<span style=\"color: #0563c1;\"><u><a href=\"https:\/\/buckfast-pedigree.eu\/fr\/reines\/queen=15385\">S10(MKN)13<\/a><\/u><\/span>&nbsp;mrk&nbsp; <span style=\"color: #0563c1;\"><u><a href=\"https:\/\/buckfast-pedigree.eu\/fr\/reines\/queen=418\">GR53(MKK)12<\/a><\/u><\/span>&nbsp;[30 dr.c.] :&nbsp;<br \/>\n.13 &#8211;&nbsp;<span style=\"color: #0563c1;\"><u><a href=\"https:\/\/buckfast-pedigree.eu\/fr\/reines\/queen=19581\">S5(MKN)11<\/a><\/u><\/span>&nbsp;mrk&nbsp; <span style=\"color: #0563c1;\"><u><a href=\"https:\/\/buckfast-pedigree.eu\/fr\/reines\/queen=109\">B129(TR)10<\/a><\/u><\/span>&nbsp;[24 dr.c.] :&nbsp;<br \/>\n.11 &#8211;&nbsp;<span style=\"color: #0563c1;\"><u><a href=\"https:\/\/buckfast-pedigree.eu\/fr\/reines\/queen=629\">imq.S60(MM)10<\/a><\/u><\/span>&nbsp;bal&nbsp; <span style=\"color: #0563c1;\"><u><a href=\"https:\/\/buckfast-pedigree.eu\/fr\/reines\/queen=105\">GR109(TR)09<\/a><\/u><\/span>&nbsp;[24 dr.c.] :&nbsp;<br \/>\n.10 &#8211;&nbsp;<span style=\"color: #0563c1;\"><u><a href=\"https:\/\/buckfast-pedigree.eu\/fr\/reines\/queen=630\">ivq.S590(TK)09<\/a><\/u><\/span>&nbsp;mrk&nbsp; <span style=\"color: #0563c1;\"><u><a href=\"https:\/\/buckfast-pedigree.eu\/fr\/reines\/queen=631\">B179(TR)06<\/a><\/u><\/span>&nbsp;[18 dr.c.] :&nbsp;<br \/>\n.09 &#8211;&nbsp;<span style=\"color: #0563c1;\"><u><a href=\"https:\/\/buckfast-pedigree.eu\/fr\/reines\/queen=632\">S532(TK)08<\/a><\/u><\/span>&nbsp;hbg&nbsp; <span style=\"color: #0563c1;\"><u><a href=\"https:\/\/buckfast-pedigree.eu\/fr\/reines\/queen=633\">B351(CS)06<\/a><\/u><\/span>&nbsp;[some dr.c.] :&nbsp;<br \/>\n.08 &#8211;&nbsp;<span style=\"color: #0563c1;\"><u><a href=\"https:\/\/buckfast-pedigree.eu\/fr\/reines\/queen=634\">S32(TK)07<\/a><\/u><\/span>&nbsp;ins&nbsp;&nbsp;<span style=\"color: #0563c1;\"><u><a href=\"https:\/\/buckfast-pedigree.eu\/fr\/reines\/queen=635\">D18(TK)06<\/a><\/u><\/span>&nbsp;[7 dr.c.] :&nbsp;<br \/>\n.07 &#8211;&nbsp;<span style=\"color: #0563c1;\"><u><a href=\"https:\/\/buckfast-pedigree.eu\/fr\/reines\/queen=1411\">Smix(TK)06<\/a><\/u><\/span>&nbsp;nat&nbsp;&nbsp;<span style=\"color: #0563c1;\"><u><a href=\"https:\/\/buckfast-pedigree.eu\/fr\/reines\/queen=1412\">Smix(TK)05<\/a><\/u><\/span>&nbsp;[some dr.c.] :<\/p>\n<p>&nbsp;<\/p>\n<p>Diese Herkunft stammt aus Marokko und wurde von Thomas Kodym importiert. Bereits 2011 hatte ich Material dieser Herkunft von Magnus Menges erhalten. Schon damals war ich von der Volksst\u00e4rke und dem Sammeleifer dieser V\u00f6lker begeistert. Die Zuchtgruppe Marken, in den Niederlanden hat die Selektionsarbeit in den kommenden Jahren fortgesetzt und etliche Anpaarungen mit sehr erfolgreichen Drohnenlinien durchgef\u00fchrt. Die Anpaarungen mit dem Graaf Reinnett Material hat die Abwehrkr\u00e4fte gegen die Varroa-Milbe gest\u00e4rkt und Stabilit\u00e4t gebracht. Insbesondere die Besamung im Jahre 2020 und die Anpaarung auf Marken 2022 sind vielversprechend im Hinblick auf eine Resistenz gegen die Varroa-Milbe. Der Z\u00fcchter Christophe Lemaire und die Zuchtgruppe Marken haben schon oft ihr Selektionsgeschick diesbez\u00fcglich unter Beweis gestellt.<\/p>\n<p>Bei der Erstellung der Drohnengruppe fiel uns die einheitliche Farbe der K\u00f6niginnen auf. Sie sind kupferfarbig mit dunkler Spitze am Hinterleib. Die Begattungsquote der K\u00f6niginnen war sehr hoch und ging zeitlich z\u00fcgig, im Vergleich zu anderen Herk\u00fcnften. Dieses Verhalten konnten wir bei allen Zuchtserien der S31 beobachten und schlie\u00dfen auf hohe Vitalit\u00e4t und Flugkraft. Die Ableger entwickelten sich in der Folgezeit z\u00fcgig und gleichm\u00e4\u00dfig. Das Erscheinungsbild der Arbeiterinnen ist typisch f\u00fcr die Buckfast- Biene. Die V\u00f6lker sitzen sch\u00f6n eng in der Wintertraube. Wir hoffen auf ein gutes Fr\u00fchjahr und eine gute Aufzucht der Drohnen.<\/p>\n<p>In diesem Jahr ist eine kombinierte Beschickung der Belegstellen Leyh\u00f6rn und Baltrum (109(TR)) m\u00f6glich, sollte dies gew\u00fcnscht sein, bitte unbedingt bei den Anfragen zu den Anmeldungen angeben und die dadurch sich<\/p>\n<p>etwas vorziehende Anlieferungstermine in Ne\u00dfmersiel ber\u00fccksichtigen, sie Auflistung unten.<\/p>\n<p>Wir w\u00fcnschen Euch allen ein gutes Gelingen bei der Aufzucht der K\u00f6niginnen in dieser Zuchtsaison und freuen uns auf ein Wiedersehen bei uns in Ostfriesland.<\/p>\n<p>Das Belegstellenteam von Leyh\u00f6rn<\/p>\n<figure id=\"attachment_585\" aria-describedby=\"caption-attachment-585\" style=\"width: 710px\" class=\"wp-caption alignleft\"><img data-recalc-dims=\"1\" loading=\"lazy\" decoding=\"async\" class=\"wp-image-585 size-large\" src=\"https:\/\/i0.wp.com\/leyhoern.de\/wp-content\/uploads\/2026\/01\/IMG_4319.jpeg?resize=710%2C947&#038;ssl=1\" alt=\"\" width=\"710\" height=\"947\" srcset=\"https:\/\/i0.wp.com\/leyhoern.de\/wp-content\/uploads\/2026\/01\/IMG_4319.jpeg?resize=768%2C1024&amp;ssl=1 768w, https:\/\/i0.wp.com\/leyhoern.de\/wp-content\/uploads\/2026\/01\/IMG_4319.jpeg?resize=225%2C300&amp;ssl=1 225w, https:\/\/i0.wp.com\/leyhoern.de\/wp-content\/uploads\/2026\/01\/IMG_4319.jpeg?w=960&amp;ssl=1 960w\" sizes=\"auto, (max-width: 710px) 100vw, 710px\" \/><figcaption id=\"caption-attachment-585\" class=\"wp-caption-text\">Pierre de Koning &#8211; Buckfastzuchtgruppe Marken (NL)<\/figcaption><\/figure>\n","protected":false},"excerpt":{"rendered":"<p>Zur Aufstellung kommt in 2026 eine T\u00f6chtergruppe der K\u00f6nigin S31(MKN). Das Pedigree lautet wie folgt: S31(MKN)22&nbsp;= .22 &#8211;&nbsp;S11(CL)20&nbsp;mrk&nbsp; B98(CL)20&nbsp;[12 dr.c.] :&nbsp; .20 &#8211;&nbsp;S1(PPL)17&nbsp;ins&nbsp;&nbsp;B723(JPD)17sdi&nbsp;[2 dr.c.] :&nbsp; .17 &#8211;&nbsp;imq.S1(MKN)15&nbsp;mrk&nbsp; B26(TR)13&nbsp;[22 dr.c.] :&nbsp; .15 &#8211;&nbsp;S10(MKN)13&nbsp;mrk&nbsp; GR53(MKK)12&nbsp;[30 dr.c.] :&nbsp; .13 &#8211;&nbsp;S5(MKN)11&nbsp;mrk&nbsp; B129(TR)10&nbsp;[24 dr.c.] :&nbsp;<\/p>\n","protected":false},"author":1,"featured_media":0,"parent":0,"menu_order":0,"comment_status":"closed","ping_status":"closed","template":"","meta":{"ngg_post_thumbnail":0,"jetpack_post_was_ever_published":false,"footnotes":""},"class_list":["post-584","page","type-page","status-publish","hentry"],"jetpack_sharing_enabled":true,"_links":{"self":[{"href":"https:\/\/leyhoern.de\/index.php?rest_route=\/wp\/v2\/pages\/584","targetHints":{"allow":["GET"]}}],"collection":[{"href":"https:\/\/leyhoern.de\/index.php?rest_route=\/wp\/v2\/pages"}],"about":[{"href":"https:\/\/leyhoern.de\/index.php?rest_route=\/wp\/v2\/types\/page"}],"author":[{"embeddable":true,"href":"https:\/\/leyhoern.de\/index.php?rest_route=\/wp\/v2\/users\/1"}],"replies":[{"embeddable":true,"href":"https:\/\/leyhoern.de\/index.php?rest_route=%2Fwp%2Fv2%2Fcomments&post=584"}],"version-history":[{"count":3,"href":"https:\/\/leyhoern.de\/index.php?rest_route=\/wp\/v2\/pages\/584\/revisions"}],"predecessor-version":[{"id":590,"href":"https:\/\/leyhoern.de\/index.php?rest_route=\/wp\/v2\/pages\/584\/revisions\/590"}],"wp:attachment":[{"href":"https:\/\/leyhoern.de\/index.php?rest_route=%2Fwp%2Fv2%2Fmedia&parent=584"}],"curies":[{"name":"wp","href":"https:\/\/api.w.org\/{rel}","templated":true}]}}