{"id":64,"date":"2020-11-27T22:36:20","date_gmt":"2020-11-27T22:36:20","guid":{"rendered":"https:\/\/leyhoern.de\/?page_id=64"},"modified":"2020-11-27T22:49:11","modified_gmt":"2020-11-27T22:49:11","slug":"ueber-uns","status":"publish","type":"page","link":"https:\/\/leyhoern.de\/?page_id=64","title":{"rendered":"\u00dcBER UNS"},"content":{"rendered":"<p class=\"widget-title\"><span style=\"font-size: 16px;\"><img data-recalc-dims=\"1\" loading=\"lazy\" decoding=\"async\" class=\"wp-image-67 size-full aligncenter\" src=\"https:\/\/i0.wp.com\/leyhoern.de\/wp-content\/uploads\/2020\/11\/ley.jpeg?resize=710%2C510&#038;ssl=1\" alt=\"\" width=\"710\" height=\"510\" srcset=\"https:\/\/i0.wp.com\/leyhoern.de\/wp-content\/uploads\/2020\/11\/ley.jpeg?w=739&amp;ssl=1 739w, https:\/\/i0.wp.com\/leyhoern.de\/wp-content\/uploads\/2020\/11\/ley.jpeg?resize=300%2C216&amp;ssl=1 300w\" sizes=\"auto, (max-width: 710px) 100vw, 710px\" \/>Leyh\u00f6rn ist eine anerkannte Belegstelle des Landesverbandes der Imker Weser-Ems. Der gesetzlich gesch\u00fctzte Radius der Belegstelle betr\u00e4gt 10 km und Leyh\u00f6rn ist damit die einzige Buckfast-Belegstelle, die von einem DIB-Landesverband anerkannt ist. Dank des Einsatzes von Werner Clausing, damals Vorsitzender des Landesverbandes der Imker Weser-Ems und Karl-Friedrich Tiesler, Zuchtobmann des DIB, sowie Norddeutscher Besonnenheit, war dies m\u00f6glich.<\/span><\/p>\n<div class=\"siteorigin-widget-tinymce textwidget\">\n<p>In den vielen Jahren, in denen diese Belegstelle von Hartmut Fecht betrieben worden ist, stand nie ein Ausbau der Kapazit\u00e4t oder besondere Bekanntmachung dieser Belegstelle im Fokus. Hartmut und ich haben Leyh\u00f6rn f\u00fcr uns selbst und die paar Imker, die dort K\u00f6niginnen anpaaren wollten betrieben. Erst im Zuge der Varroa-Toleranz-Zucht kamen die Vorz\u00fcge von Leyh\u00f6rn zum Tragen.<\/p>\n<p>Durch die Erh\u00f6hung der Anzahl der Drohnenv\u00f6lker wird die Qualit\u00e4t der Begattung weiter gesteigert und im zweiten Zuge auch die Kapazit\u00e4t. Die Anzahl der Begattungseinheiten wird pro Durchgang begrenzt, um eine gute Begattung in den Vordergrund zu stellen.<\/p>\n<p>Die Arbeit auf einer Belegstelle macht viel Spa\u00df und ist mitunter auch fordernd. Bei guten Begattungsergebnissen ist es das Verdienst der Beschicker und bei Misserfolg das Wetter oder die Schuld der Belegstelle.<\/p>\n<p>Wir sind der Meinung, dass Leyh\u00f6rn eine gute M\u00f6glichkeit der sicheren Anpaarung bietet und bei sorgf\u00e4ltiger Vorbereitung der Einheiten prima Erfolgsaussichten bestehen. Die Ergebnisse der letzten Jahre best\u00e4tigen dies.<\/p>\n<p><em>Peter Spieker<\/em><\/p>\n<\/div>\n","protected":false},"excerpt":{"rendered":"<p>Leyh\u00f6rn ist eine anerkannte Belegstelle des Landesverbandes der Imker Weser-Ems. Der gesetzlich gesch\u00fctzte Radius der Belegstelle betr\u00e4gt 10 km und Leyh\u00f6rn ist damit die einzige Buckfast-Belegstelle, die von einem DIB-Landesverband anerkannt ist. Dank des Einsatzes von Werner Clausing, damals Vorsitzender<\/p>\n","protected":false},"author":1,"featured_media":0,"parent":0,"menu_order":0,"comment_status":"closed","ping_status":"closed","template":"","meta":{"ngg_post_thumbnail":0,"jetpack_post_was_ever_published":false,"footnotes":""},"class_list":["post-64","page","type-page","status-publish","hentry"],"jetpack_sharing_enabled":true,"_links":{"self":[{"href":"https:\/\/leyhoern.de\/index.php?rest_route=\/wp\/v2\/pages\/64","targetHints":{"allow":["GET"]}}],"collection":[{"href":"https:\/\/leyhoern.de\/index.php?rest_route=\/wp\/v2\/pages"}],"about":[{"href":"https:\/\/leyhoern.de\/index.php?rest_route=\/wp\/v2\/types\/page"}],"author":[{"embeddable":true,"href":"https:\/\/leyhoern.de\/index.php?rest_route=\/wp\/v2\/users\/1"}],"replies":[{"embeddable":true,"href":"https:\/\/leyhoern.de\/index.php?rest_route=%2Fwp%2Fv2%2Fcomments&post=64"}],"version-history":[{"count":4,"href":"https:\/\/leyhoern.de\/index.php?rest_route=\/wp\/v2\/pages\/64\/revisions"}],"predecessor-version":[{"id":73,"href":"https:\/\/leyhoern.de\/index.php?rest_route=\/wp\/v2\/pages\/64\/revisions\/73"}],"wp:attachment":[{"href":"https:\/\/leyhoern.de\/index.php?rest_route=%2Fwp%2Fv2%2Fmedia&parent=64"}],"curies":[{"name":"wp","href":"https:\/\/api.w.org\/{rel}","templated":true}]}}